{"id":37,"date":"2015-02-03T17:48:52","date_gmt":"2015-02-03T17:48:52","guid":{"rendered":"http:\/\/www.energeticthemes.com\/themes\/grand\/?page_id=37"},"modified":"2016-04-20T12:52:34","modified_gmt":"2016-04-20T12:52:34","slug":"urbaninterventions","status":"publish","type":"page","link":"http:\/\/mestskezasahy.sk\/95\/urbaninterventions\/","title":{"rendered":"[:en]Urban Interventions[:sk]Mestsk\u00e9 z\u00e1sahy[:]"},"content":{"rendered":"<p>[section is_fullwidth=&#8221;&#8221; background_color=&#8221;&#8221; background_image=&#8221;&#8221; video=&#8221;&#8221; margintop=&#8221;0&#8243; marginbottom=&#8221;0&#8243; marginright=&#8221;0&#8243; marginleft=&#8221;0&#8243; paddingtop=&#8221;0&#8243; paddingbottom=&#8221;0&#8243; paddingright=&#8221;0&#8243; paddingleft=&#8221;0&#8243; auto_generated=&#8221;1&#8243; _made_with_builder=&#8221;true&#8221;][row][column width=&#8221;1_1&#8243; _made_with_builder=&#8221;true&#8221;][title title=&#8221;&#91;:sk&#93;95 n&aacute;padov ako zlep&scaron;i\u0165 Bratislavu&#91;:en&#93;95 Ideas to Make Bratislava a&nbsp;Better Place&#8221; desc=&#8221;&#91;:sk&#93;Ot&aacute;zka, ktor&uacute; n&aacute;m v&nbsp;r&aacute;mci Mestsk&yacute;ch z&aacute;sahov naj\u010dastej&scaron;ie klad&uacute; je: Ko\u013eko Z&aacute;sahov sa podarilo uvies\u0165 do \u017eivota, zrealizova\u0165?&#91;:en&#93;The question we get asked most often in Urban Interventions is: How many interventions became real, implemented?&#8221; animation=&#8221;&#8221; animation_dealy=&#8221;0&#8243; margintop=&#8221;100&#8243; marginbottom=&#8221;0&#8243; marginright=&#8221;0&#8243; marginleft=&#8221;0&#8243; paddingtop=&#8221;0&#8243; paddingbottom=&#8221;0&#8243; paddingright=&#8221;0&#8243; paddingleft=&#8221;0&#8243; _made_with_builder=&#8221;true&#8221;][\/title][\/column][\/row][row][column width=&#8221;1_2&#8243; _made_with_builder=&#8221;true&#8221;][text_block text=&#8221;&lt;p&gt;&#91;:sk&#93;Je samozrejm&eacute;, \u017ee v&auml;\u010d&scaron;inu \u013eud&iacute; zauj&iacute;ma pr&aacute;ve tento v&yacute;sledok, zauj&iacute;ma ich, \u010di p&ocirc;jdu v\u010faka Z&aacute;sahom po kraj&scaron;ej ulici, \u010di bude v&nbsp;meste viac stromov, \u010di si sadn&uacute; na lavi\u010dku na mieste, kde predt&yacute;m nebola alebo sa prevez&uacute; po novom cyklochodn&iacute;ku. Zauj&iacute;ma ich ale aj to, \u010di je mo\u017en&eacute; mesto niekam posun&uacute;\u0165 a \u010di je tak mo\u017en&eacute; urobi\u0165 zdola. Mysl&iacute;m, \u017ee sa chc&uacute; presved\u010di\u0165, \u017ee &uacute;silie o zmenu nie je m&aacute;rne a&nbsp;\u017ee sa tak trochu aj za nich usilujeme nie\u010do zmeni\u0165 a&nbsp;nerezignova\u0165.&lt;br \/&gt;Tento rok tomu uverilo&lt;strong&gt; v&nbsp;Bratislave takmer 100 t&iacute;mov&lt;\/strong&gt; alebo jednotlivcov. To\u013eko odpoved&iacute; sme dostali na na&scaron;u v&yacute;zvu, ktorou sme po &ocirc;smych rokoch vr&aacute;tili Z&aacute;sahy sp&auml;\u0165 do Bratislavy. Od roku 2008 sa tento projekt uskuto\u010dnil u\u017e v&nbsp;&lt;strong&gt;13 mest&aacute;ch&lt;\/strong&gt; na Slovensku a&nbsp;v&nbsp;\u010cech&aacute;ch a&nbsp;vzniklo v\u010faka nemu &lt;strong&gt;viac ako 800 projektov&lt;\/strong&gt;.&#91;:en&#93;Naturally, most people are interested in this result; they wonder if the Interventions give them a more beautiful street to walk, if there are more trees in the city, if they can find a bench where there were no benches earlier, or if there is a new bike path they can ride on. They also wonder if it is possible to move our city forward, and if it is possible to do that from the bottom up. I think that they want to make sure that the effort is not vain and that we are trying to change something and are not giving up &ndash; not only for our own sake but for theirs as well.&lt;br \/&gt;This year, &lt;strong&gt;almost 100 teams and individuals&lt;\/strong&gt; in Bratislava believed in that. That is the number of responses that we received to our call for ideas which returned the Interventions to Bratislava after eight years. Since 2008, the project has been implemented in &lt;strong&gt;13 cities&lt;\/strong&gt; in Slovakia and the Czech Republic, resulting in &lt;strong&gt;more than 800 projects. &lt;\/strong&gt;&#91;:&#93;&lt;\/p&gt;&#8221; _made_with_builder=&#8221;true&#8221;][\/text_block][\/column][column width=&#8221;1_2&#8243; _made_with_builder=&#8221;true&#8221;][text_block text=&#8221;&lt;p&gt;&#91;:sk&#93;A&nbsp;odpove\u010f na ot&aacute;zku zo za\u010diatku tohto textu? Pravda\u017ee je d&ocirc;le\u017eit&eacute; previes\u0165 n&aacute;pady zo stola a&nbsp;papiera do reality a&nbsp;v\u017edy sa budeme usilova\u0165 pom&ocirc;c\u0165 realiz&aacute;cii niektor&yacute;m z&nbsp;nich a&nbsp;sna\u017ei\u0165 sa pos&uacute;va\u0165 veci \u010falej.&nbsp;Viackr&aacute;t sa to podarilo &#8211; projekty sa uskuto\u010dnili, &lt;strong&gt;dostali sa do mestsk&eacute;ho rozpo\u010dtu, rozpr&uacute;dili plodn&uacute; diskusiu&lt;\/strong&gt;. Tento krok v&scaron;ak zost&aacute;va hodenou rukavicou aj \u013eu\u010fom, ktor&iacute; na&scaron;e mest&aacute; riadia a&nbsp;staraj&uacute; sa o&nbsp;ne. S&uacute; na \u0165ahu.&lt;br \/&gt;Len\u017ee e&scaron;te d&ocirc;le\u017eitej&scaron;&iacute; ako samotn&aacute; realiz&aacute;cia je pre n&aacute;s fakt, \u017ee sme spoznali skvel&yacute;ch \u013eud&iacute;. \u013dud&iacute;, ktor&iacute; s&uacute; otvoren&iacute; nov&yacute;m n&aacute;padom \u010di&nbsp;impulzom a&nbsp;nerezignovali na to, \u010do sa v&nbsp;ich okol&iacute; deje, \u013eud&iacute;, ktor&iacute; sa o&nbsp;miesto v&nbsp;ktorom \u017eij&uacute; &uacute;primne zauj&iacute;maj&uacute; a&nbsp;samozrejme \u013eud&iacute; ktor&iacute; sa akt&iacute;vne do Z&aacute;sahov zapojili a&nbsp;predostreli svoje rie&scaron;enie.&lt;br \/&gt;&lt;strong&gt;N&aacute;dej je d&ocirc;le\u017eitej&scaron;ia ako sk&uacute;senos\u0165.&lt;\/strong&gt;&lt;\/p&gt;&lt;p&gt;Za oz My sme mesto &lt;strong&gt;Mat&uacute;&scaron; Vallo&lt;\/strong&gt;&#91;:en&#93;And the response to the question from the beginning of this text? Of course it is important to transfer ideas from tables and paper to reality, and we will always try to help implementing some of them and move things forward. We have succeeded several times &ndash; &lt;strong&gt;projects were implemented, got to the city budget, brought a fruitful discussion&lt;\/strong&gt;. However, this step exists to provide those managing and taking care of our cities with ideas and knowledge of our concerns. It&rsquo;s their turn now.&lt;br \/&gt;For us, the importance of the implementation is overshadowed by the fact that we got to know great people. People open to new ideas and impulses, those who never gave up caring about what was happening around them, and people who actively participate in the Interventions and present their solutions.&lt;br \/&gt;&lt;strong&gt;Hope is more important than experience.&lt;\/strong&gt;&lt;\/p&gt;&lt;p&gt;For the My sme mesto association &lt;strong&gt;Mat&uacute;&scaron; Vallo&lt;\/strong&gt;&#91;:&#93;&lt;\/p&gt;&#8221; _made_with_builder=&#8221;true&#8221;][\/text_block][\/column][\/row][row][column width=&#8221;1_1&#8243; _made_with_builder=&#8221;true&#8221;][divider style=&#8221;{&quot;ruler_type&quot;:&quot;space&quot;,&quot;space&quot;:{&quot;height&quot;:&quot;50&quot;}}&#8221; _array_keys=&#8221;{&quot;style&quot;:&quot;style&quot;}&#8221; _made_with_builder=&#8221;true&#8221;][\/divider][\/column][\/row][row][column width=&#8221;1_1&#8243; _made_with_builder=&#8221;true&#8221;][divider style=&#8221;{&quot;ruler_type&quot;:&quot;line&quot;,&quot;space&quot;:{&quot;height&quot;:&quot;50&quot;}}&#8221; _array_keys=&#8221;{&quot;style&quot;:&quot;style&quot;}&#8221; _made_with_builder=&#8221;true&#8221;][\/divider][\/column][\/row][row][column width=&#8221;1_1&#8243; _made_with_builder=&#8221;true&#8221;][title title=&#8221;&#91;:sk&#93;\u010co s&uacute; Mestsk&eacute; z&aacute;sahy?&#91;:en&#93;What is Urban Interventions?&#8221; desc=&#8221;&#91;:sk&#93;&lt;strong&gt;Mestsk&eacute; z&aacute;sahy&lt;strong&gt; s&uacute; priestorom pre v&scaron;etk&yacute;ch, ktor&iacute; vidia probl&eacute;my svojho mesta a chc&uacute; ho vylep&scaron;i\u0165 svojimi n&aacute;vrhmi. S&uacute; otvoren&eacute; \u013eu\u010fom akejko\u013evek profesie a v&scaron;etk&yacute;m z&aacute;ujmov&yacute;m skupin&aacute;m, ktor&eacute; maj&uacute; osobn&yacute; alebo profesion&aacute;lny z&aacute;ujem prinies\u0165 funk\u010dn&eacute; rie&scaron;enia na zlep&scaron;enie Bratislavy.&#91;:en&#93;The main idea of &lt;strong&gt;the Urban Interventions&lt;\/strong&gt; project was to identify certain spots, locations, and situations in the city that we believe do not work as they should, or fail to provide the inhabitants with what they should provide.&#8221; animation=&#8221;&#8221; animation_dealy=&#8221;0&#8243; margintop=&#8221;0&#8243; marginbottom=&#8221;0&#8243; marginright=&#8221;0&#8243; marginleft=&#8221;0&#8243; paddingtop=&#8221;0&#8243; paddingbottom=&#8221;0&#8243; paddingright=&#8221;0&#8243; paddingleft=&#8221;0&#8243; _made_with_builder=&#8221;true&#8221;][\/title][\/column][\/row][row][column width=&#8221;1_2&#8243; _made_with_builder=&#8221;true&#8221;][text_block text=&#8221;&lt;p&gt;&#91;:sk&#93;&lt;strong&gt;Mestsk&eacute; z&aacute;sahy&lt;\/strong&gt; s&uacute; priestorom pre v&scaron;etk&yacute;ch, ktor&iacute; vidia probl&eacute;my svojho mesta a chc&uacute; ho vylep&scaron;i\u0165 svojimi n&aacute;vrhmi. S&uacute; otvoren&eacute; \u013eu\u010fom akejko\u013evek profesie a v&scaron;etk&yacute;m z&aacute;ujmov&yacute;m skupin&aacute;m, ktor&eacute; maj&uacute; osobn&yacute; alebo profesion&aacute;lny z&aacute;ujem &lt;strong&gt;prinies\u0165 funk\u010dn&eacute; rie&scaron;enia na zlep&scaron;enie Bratislavy.&lt;\/strong&gt;&lt;\/p&gt;&lt;p&gt;Projekt &lt;strong&gt;Mestsk&eacute; z&aacute;sahy&lt;\/strong&gt; vznikol z potreby pouk&aacute;za\u0165 na to, \u010do nefunguje, hoci na to \u010dasto u\u017e d&aacute;vno existuje rie&scaron;enie. &lt;strong&gt;Odha\u013euje potenci&aacute;l miest, okolo ktor&yacute;ch dennodenne chod&iacute;me, no mnohokr&aacute;t ich nevn&iacute;mame.&lt;\/strong&gt; Nikto v nich nenach&aacute;dza mo\u017enos\u0165 profitu, a tak ost&aacute;vaj&uacute; zabudnut&eacute;.&lt;\/p&gt;&lt;p&gt;Cie\u013eom Mestsk&yacute;ch z&aacute;sahov v&scaron;ak nie je len &bdquo;nach&aacute;dza\u0165&ldquo;, ale tie\u017e &lt;strong&gt;prich&aacute;dza\u0165 s re&aacute;lnymi rie&scaron;eniami.&lt;\/strong&gt; Ver&iacute;me, \u017ee v mestskom kontexte m&ocirc;\u017eu aj mal&eacute; zmeny prinies\u0165 ve\u013ek&yacute; efekt. Projekt spolo\u010dn&yacute;ch konceptov a rie&scaron;en&iacute; z&aacute;rove\u0148 vytv&aacute;ra miesto, kde sa m&ocirc;\u017eu stretn&uacute;\u0165 viacer&eacute; z&aacute;ujmy: mestsk&iacute; &uacute;radn&iacute;ci, obyvatelia mesta, architekti, umelci, &bdquo;sympatick&iacute; mudrlanti&ldquo; aj &scaron;pi\u010dkov&iacute; odborn&iacute;ci.&lt;\/p&gt;&lt;p&gt;&#91;:en&#93;The main idea of &lt;strong&gt;the Urban Interventions&lt;\/strong&gt; project was to identify certain spots, locations, and situations in the city that we believe do not work as they should, or fail to provide the inhabitants with what they should provide. Often these are spaces that everyone seems to give up and nobody sees as possibly profitable. &lt;strong&gt;Urban interventions&lt;\/strong&gt; are projects that nobody ordered. They all result from internal and\/or professional need of their authors. The need to show what does not work despite the fact that there are solutions that could make it work. &lt;strong&gt;Reveal the potential of locations that we pass every day and often fail even to notice.&lt;\/strong&gt; However, we do not want to stay at identifying; &lt;strong&gt;we want to propose real solutions.&lt;\/strong&gt; We believe that in an urban context, even small changes can generate large effects sometimes.&lt;\/p&gt;&lt;p&gt;Our project is a place where numerous interests can meet: city officials but also inhabitants, architects, artists, likeable clever people and top experts. The project should not generate profits and\/or bombastic promises;&lt;strong&gt; it should try to change something.&lt;\/strong&gt; Also, it is a way of showing city officials what the next steps when forming public space could be. We are trying to reverse the classical way of distribution of city orders and help our city and environment, simply, with no fees claimed, not waiting for being asked to do so.&lt;\/p&gt;&lt;p&gt;The idea of Urban Interventions was born in 2008 in the Bratislava-based Vallo Sadovsky Architects studio of Mat&uacute;&scaron; Vallo and Oliver Sadovsk&yacute; and for the first time, it took place in Bratislava. The originally local action changed into a project adopted in and transferred to 15 other towns in Slovakia and the Czech Republic.&lt;br \/&gt;&#91;:&#93;&lt;\/p&gt;&#8221; _made_with_builder=&#8221;true&#8221;][\/text_block][\/column][column width=&#8221;1_2&#8243; _made_with_builder=&#8221;true&#8221;][text_block text=&#8221;&lt;p&gt;&#91;:sk&#93;Projekt nem&aacute; generova\u0165 zisk alebo bombastick&eacute; s\u013euby &ndash; &lt;strong&gt;m&aacute; sa pok&uacute;si\u0165 nie\u010do zmeni\u0165&lt;\/strong&gt;. Je tie\u017e jedn&yacute;m zo sp&ocirc;sobov, ako uk&aacute;za\u0165 mestsk&yacute;m &uacute;radn&iacute;kom \u010fal&scaron;ie potenci&aacute;lne kroky a mo\u017enosti pri tvorbe verejn&eacute;ho priestoru. Chceme oto\u010di\u0165 klasick&yacute; sp&ocirc;sob distrib&uacute;cie mestsk&yacute;ch z&aacute;kaziek a jednoducho, bez n&aacute;roku na honor&aacute;r a bez \u010dakania na v&yacute;zvu, pom&ocirc;c\u0165 svojmu mestu a okoliu.&lt;\/p&gt;&lt;p&gt;My&scaron;lienka Mestsk&yacute;ch z&aacute;sahov sa zrodila v roku 2008 v bratislavskom ateli&eacute;ri Mat&uacute;&scaron;a Valla a Olivera Sadovsk&eacute;ho (Vallo Sadovsky Architects) a prv&yacute;kr&aacute;t sa odohrala v Bratislave. Z p&ocirc;vodne lok&aacute;lnej akcie vznikol projekt adoptovan&yacute; a prenesen&yacute; do \u010fal&scaron;&iacute;ch 15 miest na Slovensku a v \u010cech&aacute;ch.&lt;\/p&gt;&lt;p&gt;Mest&aacute;, v ktor&yacute;ch sa Mestsk&eacute; z&aacute;sahy uskuto\u010dnili s&uacute;: &lt;strong&gt;Bratislava, &lt;a href=&quot;http:\/\/www.mestskezasahy.cz\/praha-2010.htm&quot; title=&quot;MZ Praha&quot; target=&quot;_blank&quot;&gt;Praha&lt;\/a&gt;, &lt;a href=&quot;http:\/\/www.mestskezasahy.cz\/brno-2011.htm&quot; title=&quot;MZ Brno&quot; target=&quot;_blank&quot;&gt;Brno&lt;\/a&gt;, &lt;a href=&quot;http:\/\/www.uzemneplany.sk\/mestskezasahy-kosice&quot; title=&quot;MZ Ko&scaron;ice&quot; target=&quot;_blank&quot;&gt;Ko&scaron;ice&lt;\/a&gt;, &lt;a href=&quot;http:\/\/www.vranokonovo.zasahy.sk\/&quot; title=&quot;MZ Pre&scaron;ov&quot; target=&quot;_blank&quot;&gt;Pre&scaron;ov&lt;\/a&gt;, &lt;a href=&quot;http:\/\/www.mestskezasahyostrava.cz\/&quot; title=&quot;MZ Ostrava&quot; target=&quot;_blank&quot;&gt;Ostrava&lt;\/a&gt;, Kladno, &lt;a href=&quot;http:\/\/www.mestskezasahyzlin.cz\/&quot; title=&quot;MZ Zlin&quot; target=&quot;_blank&quot;&gt;Zl&iacute;n&lt;\/a&gt;, &lt;a href=&quot;http:\/\/www.mestskezasahy-tn.sk\/&quot; title=&quot;MZ Trencin&quot; target=&quot;_blank&quot;&gt;Tren\u010d&iacute;n&lt;\/a&gt;, &lt;a href=&quot;http:\/\/www.nitra.zasahy.sk\/&quot; title=&quot;MZ Nitra&quot; target=&quot;_blank&quot;&gt;Nitra&lt;\/a&gt;, &lt;a href=&quot;http:\/\/www.mestskezasahyjablonec.cz\/&quot; title=&quot;MZ Jablonec&quot; target=&quot;_blank&quot;&gt;Jablonec nad Nisou&lt;\/a&gt;, &lt;a href=&quot;http:\/\/www.liptov.zasahy.sk\/projekty&quot; title=&quot;MZ LM&quot; target=&quot;_blank&quot;&gt;Liptovsk&yacute; Mikul&aacute;&scaron;&lt;\/a&gt;, &lt;a href=&quot;http:\/\/www.mestskezasahy-pd.sk\/&quot; title=&quot;MZ PD&quot; target=&quot;_blank&quot;&gt;Prievidza&lt;\/a&gt;&lt;\/strong&gt;&lt;\/p&gt;&lt;p&gt;Mest&aacute;, v ktor&yacute;ch sa Mestsk&eacute; z&aacute;sahy pripravuj&uacute; s&uacute;: Bardejov, \u017d\u010f&aacute;r nad S&aacute;zavou&lt;\/p&gt;&lt;p&gt;&#91;:en&#93;Urban Interventions already took place in: &lt;strong&gt;Bratislava, &lt;a href=&quot;http:\/\/www.mestskezasahy.cz\/praha-2010.htm&quot; title=&quot;MZ Praha&quot; target=&quot;_blank&quot;&gt;Praha&lt;\/a&gt;, &lt;a href=&quot;http:\/\/www.mestskezasahy.cz\/brno-2011.htm&quot; title=&quot;MZ Brno&quot; target=&quot;_blank&quot;&gt;Brn&lt;\/a&gt;o, &lt;a href=&quot;http:\/\/www.uzemneplany.sk\/mestskezasahy-kosice&quot; title=&quot;MZ KE&quot; target=&quot;_blank&quot;&gt;Ko&scaron;ice&lt;\/a&gt;, &lt;a href=&quot;http:\/\/www.vranokonovo.zasahy.sk\/&quot; title=&quot;MZ PO&quot; target=&quot;_blank&quot;&gt;Pre&scaron;ov&lt;\/a&gt;, &lt;a href=&quot;http:\/\/www.mestskezasahyostrava.cz\/&quot; title=&quot;MZ Ostrava&quot; target=&quot;_blank&quot;&gt;Ostrava&lt;\/a&gt;, Kladno, &lt;a href=&quot;http:\/\/www.mestskezasahyzlin.cz\/&quot; title=&quot;MZ Zlin&quot; target=&quot;_blank&quot;&gt;Zl&iacute;n&lt;\/a&gt;, &lt;a href=&quot;http:\/\/www.mestskezasahy-tn.sk\/&quot; title=&quot;MZ TN&quot; target=&quot;_blank&quot;&gt;Tren\u010d&iacute;n&lt;\/a&gt;, &lt;a href=&quot;http:\/\/www.nitra.zasahy.sk\/&quot; title=&quot;MZ NR&quot; target=&quot;_blank&quot;&gt;Nitra&lt;\/a&gt;, &lt;a href=&quot;http:\/\/www.mestskezasahyjablonec.cz\/&quot; title=&quot;MZ Jablonec&quot; target=&quot;_blank&quot;&gt;Jablonec nad Nisou&lt;\/a&gt;, &lt;a href=&quot;http:\/\/www.liptov.zasahy.sk\/projekty&quot; title=&quot;MZ LM&quot; target=&quot;_blank&quot;&gt;Liptovsk&yacute; Mikul&aacute;&scaron;&lt;\/a&gt;, &lt;a href=&quot;http:\/\/www.mestskezasahy-pd.sk\/&quot; title=&quot;MZ PD&quot; target=&quot;_blank&quot;&gt;Prievidza&lt;\/a&gt;&lt;\/strong&gt;&lt;\/p&gt;&lt;p&gt;Towns where Urban Interventions are being prepared include: \u017d\u010f&aacute;r nad S&aacute;zavou&#91;:&#93;&lt;\/p&gt;&#8221; _made_with_builder=&#8221;true&#8221;][\/text_block][\/column][\/row][row][column width=&#8221;1_1&#8243; _made_with_builder=&#8221;true&#8221;][divider style=&#8221;{&quot;ruler_type&quot;:&quot;space&quot;,&quot;space&quot;:{&quot;height&quot;:&quot;50&quot;}}&#8221; _array_keys=&#8221;{&quot;style&quot;:&quot;style&quot;}&#8221; _made_with_builder=&#8221;true&#8221;][\/divider][\/column][\/row][\/section]<\/p>\n","protected":false},"excerpt":{"rendered":"<p>[section is_fullwidth=&#8221;&#8221; background_color=&#8221;&#8221; background_image=&#8221;&#8221; video=&#8221;&#8221; margintop=&#8221;0&#8243; marginbottom=&#8221;0&#8243; marginright=&#8221;0&#8243; marginleft=&#8221;0&#8243; paddingtop=&#8221;0&#8243; paddingbottom=&#8221;0&#8243; paddingright=&#8221;0&#8243; paddingleft=&#8221;0&#8243; auto_generated=&#8221;1&#8243; _made_with_builder=&#8221;true&#8221;][row][column width=&#8221;1_1&#8243; _made_with_builder=&#8221;true&#8221;][title title=&#8221;&#91;:sk&#93;95 n&aacute;padov ako zlep&scaron;i\u0165 Bratislavu&#91;:en&#93;95 Ideas to Make Bratislava a&nbsp;Better Place&#8221; desc=&#8221;&#91;:sk&#93;Ot&aacute;zka, ktor&uacute; n&aacute;m v&nbsp;r&aacute;mci Mestsk&yacute;ch z&aacute;sahov naj\u010dastej&scaron;ie klad&uacute; je: Ko\u013eko Z&aacute;sahov sa podarilo uvies\u0165 do \u017eivota, zrealizova\u0165?&#91;:en&#93;The question we get asked most often in Urban Interventions is:&#8230;<\/p>\n","protected":false},"author":1,"featured_media":0,"parent":0,"menu_order":0,"comment_status":"open","ping_status":"open","template":"full-width.php","meta":{"_kad_post_transparent":"","_kad_post_title":"","_kad_post_layout":"","_kad_post_sidebar_id":"","_kad_post_content_style":"","_kad_post_vertical_padding":"","_kad_post_feature":"","_kad_post_feature_position":"","_kad_post_header":false,"_kad_post_footer":false,"footnotes":""},"class_list":["post-37","page","type-page","status-publish","hentry"],"_links":{"self":[{"href":"http:\/\/mestskezasahy.sk\/95\/wp-json\/wp\/v2\/pages\/37","targetHints":{"allow":["GET"]}}],"collection":[{"href":"http:\/\/mestskezasahy.sk\/95\/wp-json\/wp\/v2\/pages"}],"about":[{"href":"http:\/\/mestskezasahy.sk\/95\/wp-json\/wp\/v2\/types\/page"}],"author":[{"embeddable":true,"href":"http:\/\/mestskezasahy.sk\/95\/wp-json\/wp\/v2\/users\/1"}],"replies":[{"embeddable":true,"href":"http:\/\/mestskezasahy.sk\/95\/wp-json\/wp\/v2\/comments?post=37"}],"version-history":[{"count":29,"href":"http:\/\/mestskezasahy.sk\/95\/wp-json\/wp\/v2\/pages\/37\/revisions"}],"predecessor-version":[{"id":1002,"href":"http:\/\/mestskezasahy.sk\/95\/wp-json\/wp\/v2\/pages\/37\/revisions\/1002"}],"wp:attachment":[{"href":"http:\/\/mestskezasahy.sk\/95\/wp-json\/wp\/v2\/media?parent=37"}],"curies":[{"name":"wp","href":"https:\/\/api.w.org\/{rel}","templated":true}]}}